{"id":27,"date":"2018-07-27T08:08:59","date_gmt":"2018-07-27T06:08:59","guid":{"rendered":"https:\/\/beassist.com\/?page_id=27"},"modified":"2023-11-14T19:40:09","modified_gmt":"2023-11-14T18:40:09","slug":"contact","status":"publish","type":"page","link":"https:\/\/beassist.com\/index.php\/contact\/","title":{"rendered":"Contact"},"content":{"rendered":"<p>[et_pb_section fb_built=\u00a0\u00bb1&Prime; admin_label=\u00a0\u00bbHeader\u00a0\u00bb _builder_version=\u00a0\u00bb4.16&Prime; use_background_color_gradient=\u00a0\u00bbon\u00a0\u00bb background_color_gradient_direction=\u00a0\u00bb-45deg\u00a0\u00bb background_color_gradient_stops=\u00a0\u00bbrgba(3,37,121,0.78) 0%|rgba(27,82,217,0.97) 100%\u00a0\u00bb background_color_gradient_overlays_image=\u00a0\u00bbon\u00a0\u00bb background_color_gradient_start=\u00a0\u00bbrgba(3,37,121,0.78)\u00a0\u00bb background_color_gradient_end=\u00a0\u00bbrgba(27,82,217,0.97)\u00a0\u00bb background_image=\u00a0\u00bbhttps:\/\/beassist.com\/wp-content\/uploads\/2019\/01\/business-coach-0036.jpg\u00a0\u00bb max_width=\u00a0\u00bb80%\u00a0\u00bb max_width_tablet=\u00a0\u00bb90%\u00a0\u00bb max_width_phone=\u00a0\u00bb\u00a0\u00bb max_width_last_edited=\u00a0\u00bbon|tablet\u00a0\u00bb module_alignment=\u00a0\u00bbright\u00a0\u00bb custom_margin=\u00a0\u00bb||\u00a0\u00bb custom_padding=\u00a0\u00bb10px||0||false|false\u00a0\u00bb locked=\u00a0\u00bboff\u00a0\u00bb global_colors_info=\u00a0\u00bb{}\u00a0\u00bb border_radii__hover=\u00a0\u00bbon||||\u00a0\u00bb border_radii__hover_enabled=\u00a0\u00bbon||||\u00a0\u00bb background_repeat__hover=\u00a0\u00bbno-repeat\u00a0\u00bb background_repeat__hover_enabled=\u00a0\u00bbno-repeat\u00a0\u00bb][et_pb_row custom_padding_last_edited=\u00a0\u00bbon|tablet\u00a0\u00bb _builder_version=\u00a0\u00bb4.16&Prime; background_image=\u00a0\u00bbhttps:\/\/beassist.com\/wp-content\/uploads\/2019\/11\/risk-29.png\u00a0\u00bb background_size=\u00a0\u00bbcontain\u00a0\u00bb background_position=\u00a0\u00bbbottom_left\u00a0\u00bb width=\u00a0\u00bb100%\u00a0\u00bb max_width=\u00a0\u00bb100%\u00a0\u00bb module_alignment=\u00a0\u00bbleft\u00a0\u00bb custom_padding=\u00a0\u00bb8vw|10vw|10vw|0|false|false\u00a0\u00bb custom_padding_tablet=\u00a0\u00bb|||||false\u00a0\u00bb custom_padding_phone=\u00a0\u00bb\u00a0\u00bb box_shadow_style=\u00a0\u00bbpreset7&Prime; box_shadow_horizontal=\u00a0\u00bb0px\u00a0\u00bb box_shadow_vertical=\u00a0\u00bb-1px\u00a0\u00bb box_shadow_color=\u00a0\u00bb#ffffff\u00a0\u00bb use_custom_width=\u00a0\u00bbon\u00a0\u00bb width_unit=\u00a0\u00bboff\u00a0\u00bb custom_width_percent=\u00a0\u00bb100%\u00a0\u00bb global_colors_info=\u00a0\u00bb{}\u00a0\u00bb][et_pb_column type=\u00a0\u00bb4_4&Prime; _builder_version=\u00a0\u00bb4.16&Prime; custom_padding=\u00a0\u00bb|||\u00a0\u00bb global_colors_info=\u00a0\u00bb{}\u00a0\u00bb custom_padding__hover=\u00a0\u00bb|||\u00a0\u00bb][et_pb_text _builder_version=\u00a0\u00bb4.16&Prime; text_font=\u00a0\u00bb|600|||||||\u00a0\u00bb text_font_size=\u00a0\u00bb22px\u00a0\u00bb text_line_height=\u00a0\u00bb1.8em\u00a0\u00bb header_font=\u00a0\u00bbMukta|200|||||||\u00a0\u00bb header_font_size=\u00a0\u00bb7vw\u00a0\u00bb header_line_height=\u00a0\u00bb1.1em\u00a0\u00bb background_color=\u00a0\u00bb#ffffff\u00a0\u00bb max_width=\u00a0\u00bb80%\u00a0\u00bb max_width_tablet=\u00a0\u00bb\u00a0\u00bb max_width_phone=\u00a0\u00bb\u00a0\u00bb max_width_last_edited=\u00a0\u00bbon|phone\u00a0\u00bb custom_margin=\u00a0\u00bb|||-10vw\u00a0\u00bb custom_margin_tablet=\u00a0\u00bb|||-5vw\u00a0\u00bb custom_margin_phone=\u00a0\u00bb\u00a0\u00bb custom_margin_last_edited=\u00a0\u00bbon|phone\u00a0\u00bb custom_padding=\u00a0\u00bb20px|24px|10px|24px|false|true\u00a0\u00bb animation_style=\u00a0\u00bbfade\u00a0\u00bb animation_direction=\u00a0\u00bbtop\u00a0\u00bb text_font_size_tablet=\u00a0\u00bb14px\u00a0\u00bb text_font_size_phone=\u00a0\u00bb\u00a0\u00bb text_font_size_last_edited=\u00a0\u00bbon|phone\u00a0\u00bb header_font_size_tablet=\u00a0\u00bb\u00a0\u00bb header_font_size_phone=\u00a0\u00bb42px\u00a0\u00bb header_font_size_last_edited=\u00a0\u00bbon|phone\u00a0\u00bb border_radii=\u00a0\u00bbon|3px|3px|3px|3px\u00a0\u00bb box_shadow_style=\u00a0\u00bbpreset3&Prime; box_shadow_vertical=\u00a0\u00bb30px\u00a0\u00bb box_shadow_blur=\u00a0\u00bb120px\u00a0\u00bb box_shadow_spread=\u00a0\u00bb-20px\u00a0\u00bb box_shadow_color=\u00a0\u00bbrgba(0,0,0,0.15)\u00a0\u00bb locked=\u00a0\u00bboff\u00a0\u00bb global_colors_info=\u00a0\u00bb{}\u00a0\u00bb text_font_size__hover=\u00a0\u00bb14px\u00a0\u00bb text_font_size__hover_enabled=\u00a0\u00bb14px\u00a0\u00bb text_letter_spacing__hover=\u00a0\u00bb0px\u00a0\u00bb text_letter_spacing__hover_enabled=\u00a0\u00bb0px\u00a0\u00bb text_line_height__hover=\u00a0\u00bb1.7em\u00a0\u00bb text_line_height__hover_enabled=\u00a0\u00bb1.7em\u00a0\u00bb text_text_shadow_style__hover=\u00a0\u00bbnone\u00a0\u00bb text_text_shadow_style__hover_enabled=\u00a0\u00bbnone\u00a0\u00bb text_text_shadow_color__hover=\u00a0\u00bbrgba(0,0,0,0.4)\u00a0\u00bb text_text_shadow_color__hover_enabled=\u00a0\u00bbrgba(0,0,0,0.4)\u00a0\u00bb link_font_size__hover=\u00a0\u00bb14px\u00a0\u00bb link_font_size__hover_enabled=\u00a0\u00bb14px\u00a0\u00bb link_letter_spacing__hover=\u00a0\u00bb0px\u00a0\u00bb link_letter_spacing__hover_enabled=\u00a0\u00bb0px\u00a0\u00bb link_line_height__hover=\u00a0\u00bb1em\u00a0\u00bb link_line_height__hover_enabled=\u00a0\u00bb1em\u00a0\u00bb link_text_shadow_style__hover=\u00a0\u00bbnone\u00a0\u00bb link_text_shadow_style__hover_enabled=\u00a0\u00bbnone\u00a0\u00bb link_text_shadow_color__hover=\u00a0\u00bbrgba(0,0,0,0.4)\u00a0\u00bb link_text_shadow_color__hover_enabled=\u00a0\u00bbrgba(0,0,0,0.4)\u00a0\u00bb ul_font_size__hover=\u00a0\u00bb14px\u00a0\u00bb ul_font_size__hover_enabled=\u00a0\u00bb14px\u00a0\u00bb ul_letter_spacing__hover=\u00a0\u00bb0px\u00a0\u00bb ul_letter_spacing__hover_enabled=\u00a0\u00bb0px\u00a0\u00bb ul_line_height__hover=\u00a0\u00bb1em\u00a0\u00bb ul_line_height__hover_enabled=\u00a0\u00bb1em\u00a0\u00bb ul_text_shadow_style__hover=\u00a0\u00bbnone\u00a0\u00bb ul_text_shadow_style__hover_enabled=\u00a0\u00bbnone\u00a0\u00bb ul_text_shadow_color__hover=\u00a0\u00bbrgba(0,0,0,0.4)\u00a0\u00bb ul_text_shadow_color__hover_enabled=\u00a0\u00bbrgba(0,0,0,0.4)\u00a0\u00bb ol_font_size__hover=\u00a0\u00bb14px\u00a0\u00bb ol_font_size__hover_enabled=\u00a0\u00bb14px\u00a0\u00bb ol_letter_spacing__hover=\u00a0\u00bb0px\u00a0\u00bb ol_letter_spacing__hover_enabled=\u00a0\u00bb0px\u00a0\u00bb ol_line_height__hover=\u00a0\u00bb1em\u00a0\u00bb ol_line_height__hover_enabled=\u00a0\u00bb1em\u00a0\u00bb ol_text_shadow_style__hover=\u00a0\u00bbnone\u00a0\u00bb ol_text_shadow_style__hover_enabled=\u00a0\u00bbnone\u00a0\u00bb ol_text_shadow_color__hover=\u00a0\u00bbrgba(0,0,0,0.4)\u00a0\u00bb ol_text_shadow_color__hover_enabled=\u00a0\u00bbrgba(0,0,0,0.4)\u00a0\u00bb quote_font_size__hover=\u00a0\u00bb14px\u00a0\u00bb quote_font_size__hover_enabled=\u00a0\u00bb14px\u00a0\u00bb quote_letter_spacing__hover=\u00a0\u00bb0px\u00a0\u00bb quote_letter_spacing__hover_enabled=\u00a0\u00bb0px\u00a0\u00bb quote_line_height__hover=\u00a0\u00bb1em\u00a0\u00bb quote_line_height__hover_enabled=\u00a0\u00bb1em\u00a0\u00bb quote_text_shadow_style__hover=\u00a0\u00bbnone\u00a0\u00bb quote_text_shadow_style__hover_enabled=\u00a0\u00bbnone\u00a0\u00bb quote_text_shadow_color__hover=\u00a0\u00bbrgba(0,0,0,0.4)\u00a0\u00bb quote_text_shadow_color__hover_enabled=\u00a0\u00bbrgba(0,0,0,0.4)\u00a0\u00bb text_orientation__hover=\u00a0\u00bbleft\u00a0\u00bb text_orientation__hover_enabled=\u00a0\u00bbleft\u00a0\u00bb background_layout__hover=\u00a0\u00bblight\u00a0\u00bb background_layout__hover_enabled=\u00a0\u00bblight\u00a0\u00bb]<\/p>\n<h1>Contactez-nous<\/h1>\n<p>[\/et_pb_text][\/et_pb_column][\/et_pb_row][\/et_pb_section][et_pb_section fb_built=\u00a0\u00bb1&Prime; admin_label=\u00a0\u00bbContact Info\u00a0\u00bb _builder_version=\u00a0\u00bb4.16&Prime; background_image=\u00a0\u00bbhttps:\/\/beassist.com\/wp-content\/uploads\/2019\/11\/risk-33-3-scaled.jpg\u00a0\u00bb background_size=\u00a0\u00bbinitial\u00a0\u00bb custom_margin=\u00a0\u00bb||\u00a0\u00bb custom_padding=\u00a0\u00bb6px||23px|||\u00a0\u00bb locked=\u00a0\u00bboff\u00a0\u00bb global_colors_info=\u00a0\u00bb{}\u00a0\u00bb][\/et_pb_section][et_pb_section fb_built=\u00a0\u00bb1&Prime; admin_label=\u00a0\u00bbFAQ\u00a0\u00bb _builder_version=\u00a0\u00bb4.16&Prime; min_height=\u00a0\u00bb729px\u00a0\u00bb custom_padding=\u00a0\u00bb21px||5px|||\u00a0\u00bb locked=\u00a0\u00bboff\u00a0\u00bb global_colors_info=\u00a0\u00bb{}\u00a0\u00bb][et_pb_row _builder_version=\u00a0\u00bb4.16&Prime; locked=\u00a0\u00bboff\u00a0\u00bb global_colors_info=\u00a0\u00bb{}\u00a0\u00bb][et_pb_column type=\u00a0\u00bb4_4&Prime; _builder_version=\u00a0\u00bb4.16&Prime; custom_padding=\u00a0\u00bb|||\u00a0\u00bb global_colors_info=\u00a0\u00bb{}\u00a0\u00bb custom_padding__hover=\u00a0\u00bb|||\u00a0\u00bb][et_pb_text _builder_version=\u00a0\u00bb4.16&Prime; text_font=\u00a0\u00bb||||||||\u00a0\u00bb text_line_height=\u00a0\u00bb2em\u00a0\u00bb header_font=\u00a0\u00bb||||||||\u00a0\u00bb header_2_font=\u00a0\u00bbMukta|300|||||||\u00a0\u00bb header_2_font_size=\u00a0\u00bb54px\u00a0\u00bb header_2_line_height=\u00a0\u00bb1.3em\u00a0\u00bb text_orientation=\u00a0\u00bbcenter\u00a0\u00bb custom_margin=\u00a0\u00bb||10px\u00a0\u00bb animation_style=\u00a0\u00bbslide\u00a0\u00bb animation_direction=\u00a0\u00bbtop\u00a0\u00bb animation_intensity_slide=\u00a0\u00bb5%\u00a0\u00bb header_2_font_size_tablet=\u00a0\u00bb36px\u00a0\u00bb header_2_font_size_phone=\u00a0\u00bb24px\u00a0\u00bb header_2_font_size_last_edited=\u00a0\u00bbon|phone\u00a0\u00bb locked=\u00a0\u00bboff\u00a0\u00bb global_colors_info=\u00a0\u00bb{}\u00a0\u00bb]<\/p>\n<h2>FAQ<\/h2>\n<p>[\/et_pb_text][et_pb_divider color=\u00a0\u00bb#2a2a2a\u00a0\u00bb divider_weight=\u00a0\u00bb2px\u00a0\u00bb _builder_version=\u00a0\u00bb4.16&Prime; max_width=\u00a0\u00bb50px\u00a0\u00bb module_alignment=\u00a0\u00bbcenter\u00a0\u00bb animation_style=\u00a0\u00bbslide\u00a0\u00bb animation_direction=\u00a0\u00bbtop\u00a0\u00bb animation_intensity_slide=\u00a0\u00bb20%\u00a0\u00bb locked=\u00a0\u00bboff\u00a0\u00bb global_colors_info=\u00a0\u00bb{}\u00a0\u00bb][\/et_pb_divider][\/et_pb_column][\/et_pb_row][et_pb_row column_structure=\u00a0\u00bb1_2,1_2&Prime; _builder_version=\u00a0\u00bb4.16&Prime; global_colors_info=\u00a0\u00bb{}\u00a0\u00bb][et_pb_column type=\u00a0\u00bb1_2&Prime; _builder_version=\u00a0\u00bb4.16&Prime; custom_padding=\u00a0\u00bb|||\u00a0\u00bb global_colors_info=\u00a0\u00bb{}\u00a0\u00bb custom_padding__hover=\u00a0\u00bb|||\u00a0\u00bb][et_pb_blurb title=\u00a0\u00bbVos services sont-ils bas\u00e9s en France ?\u00a0\u00bb use_icon=\u00a0\u00bbon\u00a0\u00bb font_icon=\u00a0\u00bb&#x75;||divi||400&Prime; icon_color=\u00a0\u00bb#ffffff\u00a0\u00bb image_icon_background_color=\u00a0\u00bb#ffb337&Prime; icon_placement=\u00a0\u00bbleft\u00a0\u00bb image_icon_width=\u00a0\u00bb24px\u00a0\u00bb _builder_version=\u00a0\u00bb4.17.4&Prime; header_font=\u00a0\u00bbMukta||||||||\u00a0\u00bb header_font_size=\u00a0\u00bb22px\u00a0\u00bb header_line_height=\u00a0\u00bb1.6em\u00a0\u00bb body_line_height=\u00a0\u00bb2em\u00a0\u00bb image_icon_custom_padding=\u00a0\u00bb8px|8px|8px|8px|false|false\u00a0\u00bb animation_style=\u00a0\u00bbfold\u00a0\u00bb animation_direction=\u00a0\u00bbbottom\u00a0\u00bb animation_intensity_fold=\u00a0\u00bb5%\u00a0\u00bb animation=\u00a0\u00bboff\u00a0\u00bb hover_enabled=\u00a0\u00bb0&Prime; border_radii_image=\u00a0\u00bbon|100%|100%|100%|100%\u00a0\u00bb icon_font_size=\u00a0\u00bb24px\u00a0\u00bb use_circle=\u00a0\u00bbon\u00a0\u00bb circle_color=\u00a0\u00bb#ffb337&Prime; locked=\u00a0\u00bboff\u00a0\u00bb global_colors_info=\u00a0\u00bb{}\u00a0\u00bb image_icon_background_color__sticky_enabled=\u00a0\u00bb#2ea3f2&Prime; image_icon_background_color__sticky=\u00a0\u00bb#2ea3f2&Prime; sticky_enabled=\u00a0\u00bb0&Prime;]<\/p>\n<p style=\"text-align: justify;\">Nous sommes pr\u00e9sents actuellement dans 3 agences en France (Villepinte en \u00eele-de-france, Colmar et Nantes). Notre but est de vous accompagner au quotidien, nos solutions num\u00e9riques nous permettent de vous rencontrer en vid\u00e9o afin de limiter les d\u00e9placements par cons\u00e9quent limiter le prix de nos devis.<\/p>\n<p>[\/et_pb_blurb][\/et_pb_column][et_pb_column type=\u00a0\u00bb1_2&Prime; _builder_version=\u00a0\u00bb4.16&Prime; global_colors_info=\u00a0\u00bb{}\u00a0\u00bb][et_pb_blurb title=\u00a0\u00bbSuis-je engag\u00e9 avec votre soci\u00e9t\u00e9 ?\u00a0\u00bb use_icon=\u00a0\u00bbon\u00a0\u00bb font_icon=\u00a0\u00bb&#x75;||divi||400&Prime; icon_color=\u00a0\u00bb#ffffff\u00a0\u00bb image_icon_background_color=\u00a0\u00bb#ffb337&Prime; icon_placement=\u00a0\u00bbleft\u00a0\u00bb image_icon_width=\u00a0\u00bb24px\u00a0\u00bb _builder_version=\u00a0\u00bb4.16&Prime; header_font=\u00a0\u00bbMukta||||||||\u00a0\u00bb header_font_size=\u00a0\u00bb22px\u00a0\u00bb header_line_height=\u00a0\u00bb1.6em\u00a0\u00bb body_line_height=\u00a0\u00bb2em\u00a0\u00bb image_icon_custom_padding=\u00a0\u00bb8px|8px|8px|8px|false|false\u00a0\u00bb animation_style=\u00a0\u00bbfold\u00a0\u00bb animation_direction=\u00a0\u00bbbottom\u00a0\u00bb animation_intensity_fold=\u00a0\u00bb5%\u00a0\u00bb animation=\u00a0\u00bboff\u00a0\u00bb border_radii_image=\u00a0\u00bbon|100%|100%|100%|100%\u00a0\u00bb icon_font_size=\u00a0\u00bb24px\u00a0\u00bb use_circle=\u00a0\u00bbon\u00a0\u00bb circle_color=\u00a0\u00bb#ffb337&Prime; locked=\u00a0\u00bboff\u00a0\u00bb global_colors_info=\u00a0\u00bb{}\u00a0\u00bb image_icon_background_color__sticky_enabled=\u00a0\u00bb#2ea3f2&Prime; image_icon_background_color__sticky=\u00a0\u00bb#2ea3f2&Prime;]<\/p>\n<p style=\"text-align: justify;\">La majorit\u00e9 de nos services sont sans engagement de dur\u00e9e, ni pr\u00e9avis, ni frais de r\u00e9siliation. Certains types de contrats en raison de leur complexit\u00e9, de leurs sp\u00e9cificit\u00e9s peuvent \u00eatre avec engagement mais jamais avec des frais de r\u00e9siliation et g\u00e9n\u00e9ralement l&rsquo;engagement n&rsquo;est que de 12 mois.<\/p>\n<p>[\/et_pb_blurb][\/et_pb_column][\/et_pb_row][et_pb_row column_structure=\u00a0\u00bb1_2,1_2&Prime; _builder_version=\u00a0\u00bb4.16&Prime; custom_margin=\u00a0\u00bb|auto|88px|auto||\u00a0\u00bb global_colors_info=\u00a0\u00bb{}\u00a0\u00bb][et_pb_column type=\u00a0\u00bb1_2&Prime; _builder_version=\u00a0\u00bb4.16&Prime; custom_padding=\u00a0\u00bb|||\u00a0\u00bb global_colors_info=\u00a0\u00bb{}\u00a0\u00bb custom_padding__hover=\u00a0\u00bb|||\u00a0\u00bb][et_pb_blurb title=\u00a0\u00bbQuel est le d\u00e9lai d&rsquo;activation de mon service ?\u00a0\u00bb use_icon=\u00a0\u00bbon\u00a0\u00bb font_icon=\u00a0\u00bb&#x75;||divi||400&Prime; icon_color=\u00a0\u00bb#ffffff\u00a0\u00bb image_icon_background_color=\u00a0\u00bb#ffb337&Prime; icon_placement=\u00a0\u00bbleft\u00a0\u00bb image_icon_width=\u00a0\u00bb24px\u00a0\u00bb _builder_version=\u00a0\u00bb4.16&Prime; header_font=\u00a0\u00bbMukta||||||||\u00a0\u00bb header_font_size=\u00a0\u00bb22px\u00a0\u00bb header_line_height=\u00a0\u00bb1.6em\u00a0\u00bb body_line_height=\u00a0\u00bb2em\u00a0\u00bb image_icon_custom_padding=\u00a0\u00bb8px|8px|8px|8px|false|false\u00a0\u00bb animation_style=\u00a0\u00bbfold\u00a0\u00bb animation_direction=\u00a0\u00bbbottom\u00a0\u00bb animation_intensity_fold=\u00a0\u00bb5%\u00a0\u00bb animation=\u00a0\u00bboff\u00a0\u00bb border_radii_image=\u00a0\u00bbon|100%|100%|100%|100%\u00a0\u00bb icon_font_size=\u00a0\u00bb24px\u00a0\u00bb use_circle=\u00a0\u00bbon\u00a0\u00bb circle_color=\u00a0\u00bb#ffb337&Prime; global_colors_info=\u00a0\u00bb{}\u00a0\u00bb image_icon_background_color__sticky_enabled=\u00a0\u00bb#2ea3f2&Prime; image_icon_background_color__sticky=\u00a0\u00bb#2ea3f2&Prime;]<\/p>\n<p style=\"text-align: justify;\">En fonction du service que vous souscrivez chez BeAssist, les d\u00e9lais sont variables. Par exemple, en t\u00e9l\u00e9phonie mobile, l&rsquo;activation se fait sous 1h maximum. Pour du s\u00e9cr\u00e9tariat, en moyenne le d\u00e9lai est de 5 jours ouvr\u00e9s. Mais votre charg\u00e9 de dossier pourra vous r\u00e9pondre pr\u00e9cisement en fonction du service souscrit.<\/p>\n<p>[\/et_pb_blurb][\/et_pb_column][et_pb_column type=\u00a0\u00bb1_2&Prime; _builder_version=\u00a0\u00bb4.16&Prime; global_colors_info=\u00a0\u00bb{}\u00a0\u00bb][et_pb_blurb title=\u00a0\u00bbComment obtenir un duplicata de facture ?\u00a0\u00bb use_icon=\u00a0\u00bbon\u00a0\u00bb font_icon=\u00a0\u00bb&#x75;||divi||400&Prime; icon_color=\u00a0\u00bb#ffffff\u00a0\u00bb image_icon_background_color=\u00a0\u00bb#ffb337&Prime; icon_placement=\u00a0\u00bbleft\u00a0\u00bb image_icon_width=\u00a0\u00bb24px\u00a0\u00bb _builder_version=\u00a0\u00bb4.16&Prime; header_font=\u00a0\u00bbMukta||||||||\u00a0\u00bb header_font_size=\u00a0\u00bb22px\u00a0\u00bb header_line_height=\u00a0\u00bb1.6em\u00a0\u00bb body_line_height=\u00a0\u00bb2em\u00a0\u00bb image_icon_custom_padding=\u00a0\u00bb8px|8px|8px|8px|false|false\u00a0\u00bb animation_style=\u00a0\u00bbfold\u00a0\u00bb animation_direction=\u00a0\u00bbbottom\u00a0\u00bb animation_intensity_fold=\u00a0\u00bb5%\u00a0\u00bb animation=\u00a0\u00bboff\u00a0\u00bb border_radii_image=\u00a0\u00bbon|100%|100%|100%|100%\u00a0\u00bb icon_font_size=\u00a0\u00bb24px\u00a0\u00bb use_circle=\u00a0\u00bbon\u00a0\u00bb circle_color=\u00a0\u00bb#ffb337&Prime; global_colors_info=\u00a0\u00bb{}\u00a0\u00bb image_icon_background_color__sticky_enabled=\u00a0\u00bb#2ea3f2&Prime; image_icon_background_color__sticky=\u00a0\u00bb#2ea3f2&Prime;]<\/p>\n<p style=\"text-align: justify;\">Pour obtenir un duplicata de facture ou de contrat, adressez-nous votre demande via le formulaire ci-dessus. Le service administratif et comptabilit\u00e9 vous l&rsquo;enverra par e-mail dans les plus brefs d\u00e9lais. N&rsquo;oubliez pas d&rsquo;inquer la p\u00e9riode pour les duplicata de facture pour un traitement plus rapide des \u00e9quipes BeAssist.<\/p>\n<p>[\/et_pb_blurb][\/et_pb_column][\/et_pb_row][\/et_pb_section]<\/p>\n","protected":false},"excerpt":{"rendered":"<p>Contactez-nousFAQNous sommes pr\u00e9sents actuellement dans 3 agences en France (Villepinte en \u00eele-de-france, Colmar et Nantes). Notre but est de vous accompagner au quotidien, nos solutions num\u00e9riques nous permettent de vous rencontrer en vid\u00e9o afin de limiter les d\u00e9placements par cons\u00e9quent limiter le prix de nos devis.La majorit\u00e9 de nos services sont sans engagement de dur\u00e9e, [&hellip;]<\/p>\n","protected":false},"author":1,"featured_media":22,"parent":0,"menu_order":0,"comment_status":"closed","ping_status":"closed","template":"","meta":{"_et_pb_use_builder":"on","_et_pb_old_content":"<p style=\"text-align: left;\"><strong>BeAssist est pr\u00e9sent dans plusieurs r\u00e9gions de France, pour nous d\u00e9poser un message utilisez le formulaire ci-apr\u00e8s ou appelez-nous <\/strong><img class=\"alignnone wp-image-70\" src=\"https:\/\/beassist.com\/wp-content\/uploads\/2018\/07\/00338206902911-300x34.png\" alt=\"\" width=\"158\" height=\"18\" \/><\/p>\r\n&nbsp;\r\n\r\nPour nous laisser un message, merci de remplir le formulaire ci-dessous:\r\n\r\n[contact-form-7 id=\"60\" title=\"Formulaire de contact 1\"]\r\n\r\n&nbsp;\r\n\r\n<strong>Les implantations BeAssist:<\/strong>\r\n\r\n<img class=\" wp-image-67 alignleft\" src=\"https:\/\/beassist.com\/wp-content\/uploads\/2018\/07\/Capture-d\u2019e\u0301cran-2018-07-27-a\u0300-09.15.19-300x288.png\" alt=\"\" width=\"450\" height=\"432\" \/>\r\n\r\n&nbsp;\r\n\r\n&nbsp;\r\n\r\n&nbsp;\r\n\r\n&nbsp;\r\n\r\n&nbsp;\r\n\r\n&nbsp;\r\n\r\n&nbsp;\r\n\r\n&nbsp;\r\n\r\n&nbsp;\r\n\r\n&nbsp;\r\n\r\n&nbsp;\r\n\r\n&nbsp;\r\n\r\n&nbsp;\r\n\r\n&nbsp;\r\n\r\n&nbsp;\r\n\r\n&nbsp;","_et_gb_content_width":""},"yoast_head":"<!-- This site is optimized with the Yoast SEO plugin v19.2 - https:\/\/yoast.com\/wordpress\/plugins\/seo\/ -->\n<title>Contact - BeAssist<\/title>\n<meta name=\"robots\" content=\"index, follow, max-snippet:-1, max-image-preview:large, max-video-preview:-1\" \/>\n<link rel=\"canonical\" href=\"https:\/\/beassist.com\/index.php\/contact\/\" \/>\n<meta property=\"og:locale\" content=\"fr_FR\" \/>\n<meta property=\"og:type\" content=\"article\" \/>\n<meta property=\"og:title\" content=\"Contact - BeAssist\" \/>\n<meta property=\"og:description\" content=\"Contactez-nousFAQNous sommes pr\u00e9sents actuellement dans 3 agences en France (Villepinte en \u00eele-de-france, Colmar et Nantes). Notre but est de vous accompagner au quotidien, nos solutions num\u00e9riques nous permettent de vous rencontrer en vid\u00e9o afin de limiter les d\u00e9placements par cons\u00e9quent limiter le prix de nos devis.La majorit\u00e9 de nos services sont sans engagement de dur\u00e9e, [&hellip;]\" \/>\n<meta property=\"og:url\" content=\"https:\/\/beassist.com\/index.php\/contact\/\" \/>\n<meta property=\"og:site_name\" content=\"BeAssist\" \/>\n<meta property=\"article:modified_time\" content=\"2023-11-14T18:40:09+00:00\" \/>\n<meta property=\"og:image\" content=\"https:\/\/beassist.com\/wp-content\/uploads\/2018\/07\/espresso-2.jpg\" \/>\n\t<meta property=\"og:image:width\" content=\"2000\" \/>\n\t<meta property=\"og:image:height\" content=\"1200\" \/>\n\t<meta property=\"og:image:type\" content=\"image\/jpeg\" \/>\n<meta name=\"author\" content=\"admin5887\" \/>\n<meta name=\"twitter:card\" content=\"summary_large_image\" \/>\n<meta name=\"twitter:label1\" content=\"Dur\u00e9e de lecture estim\u00e9e\" \/>\n\t<meta name=\"twitter:data1\" content=\"8 minutes\" \/>\n<script type=\"application\/ld+json\" class=\"yoast-schema-graph\">{\"@context\":\"https:\/\/schema.org\",\"@graph\":[{\"@type\":\"WebSite\",\"@id\":\"https:\/\/beassist.com\/#website\",\"url\":\"https:\/\/beassist.com\/\",\"name\":\"BeAssist\",\"description\":\"Connecteur de solutions professionnelles - T\u00e9l\u00e9secr\u00e9tariat - Accueil T\u00e9l\u00e9phonique - Standard T\u00e9l\u00e9phonique\",\"potentialAction\":[{\"@type\":\"SearchAction\",\"target\":{\"@type\":\"EntryPoint\",\"urlTemplate\":\"https:\/\/beassist.com\/?s={search_term_string}\"},\"query-input\":\"required name=search_term_string\"}],\"inLanguage\":\"fr-FR\"},{\"@type\":\"ImageObject\",\"inLanguage\":\"fr-FR\",\"@id\":\"https:\/\/beassist.com\/index.php\/contact\/#primaryimage\",\"url\":\"https:\/\/beassist.com\/wp-content\/uploads\/2018\/07\/espresso-2.jpg\",\"contentUrl\":\"https:\/\/beassist.com\/wp-content\/uploads\/2018\/07\/espresso-2.jpg\",\"width\":2000,\"height\":1200},{\"@type\":\"WebPage\",\"@id\":\"https:\/\/beassist.com\/index.php\/contact\/#webpage\",\"url\":\"https:\/\/beassist.com\/index.php\/contact\/\",\"name\":\"Contact - BeAssist\",\"isPartOf\":{\"@id\":\"https:\/\/beassist.com\/#website\"},\"primaryImageOfPage\":{\"@id\":\"https:\/\/beassist.com\/index.php\/contact\/#primaryimage\"},\"datePublished\":\"2018-07-27T06:08:59+00:00\",\"dateModified\":\"2023-11-14T18:40:09+00:00\",\"breadcrumb\":{\"@id\":\"https:\/\/beassist.com\/index.php\/contact\/#breadcrumb\"},\"inLanguage\":\"fr-FR\",\"potentialAction\":[{\"@type\":\"ReadAction\",\"target\":[\"https:\/\/beassist.com\/index.php\/contact\/\"]}]},{\"@type\":\"BreadcrumbList\",\"@id\":\"https:\/\/beassist.com\/index.php\/contact\/#breadcrumb\",\"itemListElement\":[{\"@type\":\"ListItem\",\"position\":1,\"name\":\"Accueil\",\"item\":\"https:\/\/beassist.com\/\"},{\"@type\":\"ListItem\",\"position\":2,\"name\":\"Contact\"}]}]}<\/script>\n<!-- \/ Yoast SEO plugin. -->","yoast_head_json":{"title":"Contact - BeAssist","robots":{"index":"index","follow":"follow","max-snippet":"max-snippet:-1","max-image-preview":"max-image-preview:large","max-video-preview":"max-video-preview:-1"},"canonical":"https:\/\/beassist.com\/index.php\/contact\/","og_locale":"fr_FR","og_type":"article","og_title":"Contact - BeAssist","og_description":"Contactez-nousFAQNous sommes pr\u00e9sents actuellement dans 3 agences en France (Villepinte en \u00eele-de-france, Colmar et Nantes). Notre but est de vous accompagner au quotidien, nos solutions num\u00e9riques nous permettent de vous rencontrer en vid\u00e9o afin de limiter les d\u00e9placements par cons\u00e9quent limiter le prix de nos devis.La majorit\u00e9 de nos services sont sans engagement de dur\u00e9e, [&hellip;]","og_url":"https:\/\/beassist.com\/index.php\/contact\/","og_site_name":"BeAssist","article_modified_time":"2023-11-14T18:40:09+00:00","og_image":[{"width":2000,"height":1200,"url":"https:\/\/beassist.com\/wp-content\/uploads\/2018\/07\/espresso-2.jpg","type":"image\/jpeg"}],"author":"admin5887","twitter_card":"summary_large_image","twitter_misc":{"Dur\u00e9e de lecture estim\u00e9e":"8 minutes"},"schema":{"@context":"https:\/\/schema.org","@graph":[{"@type":"WebSite","@id":"https:\/\/beassist.com\/#website","url":"https:\/\/beassist.com\/","name":"BeAssist","description":"Connecteur de solutions professionnelles - T\u00e9l\u00e9secr\u00e9tariat - Accueil T\u00e9l\u00e9phonique - Standard T\u00e9l\u00e9phonique","potentialAction":[{"@type":"SearchAction","target":{"@type":"EntryPoint","urlTemplate":"https:\/\/beassist.com\/?s={search_term_string}"},"query-input":"required name=search_term_string"}],"inLanguage":"fr-FR"},{"@type":"ImageObject","inLanguage":"fr-FR","@id":"https:\/\/beassist.com\/index.php\/contact\/#primaryimage","url":"https:\/\/beassist.com\/wp-content\/uploads\/2018\/07\/espresso-2.jpg","contentUrl":"https:\/\/beassist.com\/wp-content\/uploads\/2018\/07\/espresso-2.jpg","width":2000,"height":1200},{"@type":"WebPage","@id":"https:\/\/beassist.com\/index.php\/contact\/#webpage","url":"https:\/\/beassist.com\/index.php\/contact\/","name":"Contact - BeAssist","isPartOf":{"@id":"https:\/\/beassist.com\/#website"},"primaryImageOfPage":{"@id":"https:\/\/beassist.com\/index.php\/contact\/#primaryimage"},"datePublished":"2018-07-27T06:08:59+00:00","dateModified":"2023-11-14T18:40:09+00:00","breadcrumb":{"@id":"https:\/\/beassist.com\/index.php\/contact\/#breadcrumb"},"inLanguage":"fr-FR","potentialAction":[{"@type":"ReadAction","target":["https:\/\/beassist.com\/index.php\/contact\/"]}]},{"@type":"BreadcrumbList","@id":"https:\/\/beassist.com\/index.php\/contact\/#breadcrumb","itemListElement":[{"@type":"ListItem","position":1,"name":"Accueil","item":"https:\/\/beassist.com\/"},{"@type":"ListItem","position":2,"name":"Contact"}]}]}},"_links":{"self":[{"href":"https:\/\/beassist.com\/index.php\/wp-json\/wp\/v2\/pages\/27"}],"collection":[{"href":"https:\/\/beassist.com\/index.php\/wp-json\/wp\/v2\/pages"}],"about":[{"href":"https:\/\/beassist.com\/index.php\/wp-json\/wp\/v2\/types\/page"}],"author":[{"embeddable":true,"href":"https:\/\/beassist.com\/index.php\/wp-json\/wp\/v2\/users\/1"}],"replies":[{"embeddable":true,"href":"https:\/\/beassist.com\/index.php\/wp-json\/wp\/v2\/comments?post=27"}],"version-history":[{"count":51,"href":"https:\/\/beassist.com\/index.php\/wp-json\/wp\/v2\/pages\/27\/revisions"}],"predecessor-version":[{"id":3398,"href":"https:\/\/beassist.com\/index.php\/wp-json\/wp\/v2\/pages\/27\/revisions\/3398"}],"wp:featuredmedia":[{"embeddable":true,"href":"https:\/\/beassist.com\/index.php\/wp-json\/wp\/v2\/media\/22"}],"wp:attachment":[{"href":"https:\/\/beassist.com\/index.php\/wp-json\/wp\/v2\/media?parent=27"}],"curies":[{"name":"wp","href":"https:\/\/api.w.org\/{rel}","templated":true}]}}